{"id":104,"date":"2018-08-17T00:00:56","date_gmt":"2018-08-17T00:00:56","guid":{"rendered":"http:\/\/amesas.com.co\/inicio\/?page_id=104"},"modified":"2018-08-17T16:24:07","modified_gmt":"2018-08-17T16:24:07","slug":"servicios","status":"publish","type":"page","link":"https:\/\/amesas.com.co\/inicio\/servicios\/","title":{"rendered":"Servicios"},"content":{"rendered":"<p>[et_pb_section bb_built=\u00bb1&#8243; fullwidth=\u00bbon\u00bb specialty=\u00bboff\u00bb _builder_version=\u00bb3.12&#8243; next_background_color=\u00bb#000000&#8243;][et_pb_fullwidth_slider _builder_version=\u00bb3.12&#8243;][et_pb_slide _builder_version=\u00bb3.12&#8243; heading=\u00bbSERVICIOS\u00bb button_link=\u00bb#\u00bb background_color=\u00bb#0024a8&#8243; use_background_color_gradient=\u00bboff\u00bb background_color_gradient_start=\u00bb#2b87da\u00bb background_color_gradient_end=\u00bb#29c4a9&#8243; background_color_gradient_type=\u00bblinear\u00bb background_color_gradient_direction=\u00bb180deg\u00bb background_color_gradient_direction_radial=\u00bbcenter\u00bb background_color_gradient_start_position=\u00bb0%\u00bb background_color_gradient_end_position=\u00bb100%\u00bb background_color_gradient_overlays_image=\u00bboff\u00bb background_image=\u00bbhttp:\/\/amesas.com.co\/inicio\/wp-content\/uploads\/2018\/08\/servicios-ame.jpg\u00bb parallax=\u00bboff\u00bb parallax_method=\u00bbon\u00bb background_size=\u00bbcover\u00bb background_position=\u00bbcenter\u00bb background_repeat=\u00bbno-repeat\u00bb background_blend=\u00bbnormal\u00bb allow_player_pause=\u00bboff\u00bb background_video_pause_outside_viewport=\u00bbon\u00bb use_bg_overlay=\u00bboff\u00bb use_text_overlay=\u00bboff\u00bb text_border_radius=\u00bb3&#8243; alignment=\u00bbcenter\u00bb child_filter_hue_rotate=\u00bb0deg\u00bb child_filter_saturate=\u00bb100%\u00bb child_filter_brightness=\u00bb100%\u00bb child_filter_contrast=\u00bb100%\u00bb child_filter_invert=\u00bb0%\u00bb child_filter_sepia=\u00bb0%\u00bb child_filter_opacity=\u00bb100%\u00bb child_filter_blur=\u00bb0px\u00bb child_mix_blend_mode=\u00bbnormal\u00bb background_layout=\u00bbdark\u00bb text_shadow_style=\u00bbnone\u00bb header_text_shadow_style=\u00bbnone\u00bb body_text_shadow_style=\u00bbnone\u00bb custom_button=\u00bboff\u00bb button_bg_use_color_gradient=\u00bboff\u00bb button_bg_color_gradient_overlays_image=\u00bboff\u00bb button_use_icon=\u00bbon\u00bb button_on_hover=\u00bbon\u00bb button_text_shadow_style=\u00bbnone\u00bb box_shadow_style_button=\u00bbnone\u00bb text_shadow_horizontal_length=\u00bb0em\u00bb text_shadow_vertical_length=\u00bb0em\u00bb text_shadow_blur_strength=\u00bb0em\u00bb header_text_shadow_horizontal_length=\u00bb0em\u00bb header_text_shadow_vertical_length=\u00bb0em\u00bb header_text_shadow_blur_strength=\u00bb0em\u00bb body_text_shadow_horizontal_length=\u00bb0em\u00bb body_text_shadow_vertical_length=\u00bb0em\u00bb body_text_shadow_blur_strength=\u00bb0em\u00bb button_text_shadow_horizontal_length=\u00bb0em\u00bb button_text_shadow_vertical_length=\u00bb0em\u00bb button_text_shadow_blur_strength=\u00bb0em\u00bb]<\/p>\n<p style=\"text-align: center;\">Es una empresa orientada desde sus or\u00edgenes a ofrecer asesor\u00eda y calidad de trabajo en el sector de las instalaciones\u00a0 el\u00e9ctricas,cableado estructurado, mantenimiento y las telecomunicaciones.<\/p>\n<p>[\/et_pb_slide][\/et_pb_fullwidth_slider][\/et_pb_section][et_pb_section bb_built=\u00bb1&#8243; _builder_version=\u00bb3.12&#8243; prev_background_color=\u00bb#000000&#8243; next_background_color=\u00bb#ededed\u00bb][et_pb_row][et_pb_column type=\u00bb1_4&#8243;][et_pb_text _builder_version=\u00bb3.12&#8243;]<\/p>\n<ul>\n<li>Dise\u00f1o, montaje e instalaci\u00f3n de redes el\u00e9ctricas alta, media y baja tensi\u00f3n.<\/li>\n<\/ul>\n<p>[\/et_pb_text][et_pb_text _builder_version=\u00bb3.12&#8243;]<\/p>\n<ul>\n<li>Dise\u00f1os el\u00e9ctricos industriales, comerciales y residenciales.<\/li>\n<\/ul>\n<p>[\/et_pb_text][et_pb_text _builder_version=\u00bb3.12&#8243;]<\/p>\n<ul>\n<li>Instalaci\u00f3n y mantenimiento ups.<\/li>\n<\/ul>\n<p>[\/et_pb_text][et_pb_text _builder_version=\u00bb3.12&#8243;]<\/p>\n<ul>\n<li>Montaje de transferencia el\u00e9ctrica.<\/li>\n<\/ul>\n<p>[\/et_pb_text][et_pb_text _builder_version=\u00bb3.12&#8243;]<\/p>\n<ul>\n<li>Dise\u00f1o y tr\u00e1mite ante las empresas privadas, publicas suministradoras de energ\u00eda para la aprobaci\u00f3n de proyectos el\u00e9ctricos.<\/li>\n<\/ul>\n<p>[\/et_pb_text][\/et_pb_column][et_pb_column type=\u00bb1_4&#8243;][et_pb_text _builder_version=\u00bb3.12&#8243;]<\/p>\n<ul>\n<li>Acometidas el\u00e9ctricas industriales, comerciales y residenciales.<\/li>\n<\/ul>\n<p>[\/et_pb_text][et_pb_text _builder_version=\u00bb3.12&#8243;]<\/p>\n<ul>\n<li>Dise\u00f1o y asesor\u00eda en proyectos especiales.<\/li>\n<\/ul>\n<p>[\/et_pb_text][et_pb_text _builder_version=\u00bb3.12&#8243;]<\/p>\n<ul>\n<li>Levantamiento y actualizaci\u00f3n de planos el\u00e9ctricos.<\/li>\n<\/ul>\n<p>[\/et_pb_text][et_pb_text _builder_version=\u00bb3.12&#8243;]<\/p>\n<ul>\n<li>Estudios de consumo y calidad de energ\u00eda.<\/li>\n<\/ul>\n<p>[\/et_pb_text][et_pb_text _builder_version=\u00bb3.12&#8243;]<\/p>\n<ul>\n<li>Mantenimiento preventivo y correctivo en sub estaciones, motores, centros de control de motores y tableros el\u00e9ctricos de fuerza y control.<\/li>\n<\/ul>\n<p>[\/et_pb_text][\/et_pb_column][et_pb_column type=\u00bb1_4&#8243;][et_pb_text _builder_version=\u00bb3.12&#8243;]<\/p>\n<ul>\n<li>Montaje sub estaciones el\u00e9ctricas, transformadores monof\u00e1sicos y trif\u00e1sicos.<\/li>\n<\/ul>\n<p>[\/et_pb_text][et_pb_text _builder_version=\u00bb3.12&#8243;]<\/p>\n<ul>\n<li>Dise\u00f1o e instalaci\u00f3n cableado estructurado.<\/li>\n<\/ul>\n<p>[\/et_pb_text][et_pb_text _builder_version=\u00bb3.12&#8243;]<\/p>\n<ul>\n<li>Instalaci\u00f3n y montaje de bombas.<\/li>\n<\/ul>\n<p>[\/et_pb_text][et_pb_text _builder_version=\u00bb3.12&#8243;]<\/p>\n<ul>\n<li>Montaje e instalaci\u00f3n de productos a prueba de explosi\u00f3n e intemperie.<\/li>\n<\/ul>\n<p>[\/et_pb_text][et_pb_text _builder_version=\u00bb3.12&#8243;]<\/p>\n<ul>\n<li>Interventoria el\u00e9ctrica.<\/li>\n<\/ul>\n<p>[\/et_pb_text][\/et_pb_column][et_pb_column type=\u00bb1_4&#8243;][et_pb_text _builder_version=\u00bb3.12&#8243;]<\/p>\n<ul>\n<li>Montaje e instalaci\u00f3n, mantenimiento de plantas de emergencia.<\/li>\n<\/ul>\n<p>[\/et_pb_text][et_pb_text _builder_version=\u00bb3.12&#8243;]<\/p>\n<ul>\n<li>Montaje y mantenimiento de sistema mallas puesta a tierra.<\/li>\n<\/ul>\n<p>[\/et_pb_text][et_pb_text _builder_version=\u00bb3.12&#8243;]<\/p>\n<ul>\n<li>Dise\u00f1o e instalaci\u00f3n red regulada.<\/li>\n<\/ul>\n<p>[\/et_pb_text][et_pb_text _builder_version=\u00bb3.12&#8243;]<\/p>\n<ul>\n<li>Dise\u00f1o, montaje y mantenimiento de iluminaci\u00f3n (interiores, exteriores). Se\u00f1alizaci\u00f3n industrial.<\/li>\n<\/ul>\n<p>[\/et_pb_text][\/et_pb_column][\/et_pb_row][\/et_pb_section][et_pb_section bb_built=\u00bb1&#8243; specialty=\u00bboff\u00bb prev_background_color=\u00bb#ffffff\u00bb _builder_version=\u00bb3.12&#8243; background_color=\u00bb#ededed\u00bb next_background_color=\u00bb#ffffff\u00bb][et_pb_row][et_pb_column type=\u00bb4_4&#8243;][et_pb_text _builder_version=\u00bb3.12&#8243;]<\/p>\n<h2>Medici\u00f3n y an\u00e1lisis de los par\u00e1metros de sistema el\u00e9ctrico:<\/h2>\n<p>Tensi\u00f3n, corriente, frecuencia, potencia reactiva y activa, factor de potencia, consumo el\u00e9ctrico (energ\u00eda), desequilibrios (balanceo de cargas), flicker (parpadeos) y arm\u00f3nicos, captura de eventos como fluctuaciones, transitorios, interruptores y cambios r\u00e1pidos de tensi\u00f3n para analizar y dar soluci\u00f3n a los problemas de calidad de energ\u00eda el\u00e9ctrica de nuestros clientes con el fin de cumplir con la reglamentaci\u00f3n existente y garantizar una integral seguridad.<\/p>\n<p>[\/et_pb_text][\/et_pb_column][\/et_pb_row][\/et_pb_section][et_pb_section bb_built=\u00bb1&#8243; specialty=\u00bboff\u00bb _builder_version=\u00bb3.12&#8243; prev_background_color=\u00bb#ededed\u00bb disabled=\u00bboff\u00bb disabled_on=\u00bbon|on|\u00bb][et_pb_row][et_pb_column type=\u00bb1_4&#8243;][et_pb_blurb _builder_version=\u00bb3.12&#8243; use_icon=\u00bbon\u00bb font_icon=\u00bb%%175%%\u00bb text_orientation=\u00bbcenter\u00bb icon_color=\u00bb#0c71c3&#8243; \/][\/et_pb_column][et_pb_column type=\u00bb1_4&#8243;][et_pb_blurb _builder_version=\u00bb3.12&#8243; use_icon=\u00bbon\u00bb font_icon=\u00bb%%96%%\u00bb text_orientation=\u00bbcenter\u00bb icon_color=\u00bb#0c71c3&#8243; \/][\/et_pb_column][et_pb_column type=\u00bb1_4&#8243;][et_pb_blurb _builder_version=\u00bb3.12&#8243; use_icon=\u00bbon\u00bb font_icon=\u00bb%%103%%\u00bb text_orientation=\u00bbcenter\u00bb icon_color=\u00bb#0c71c3&#8243; \/][\/et_pb_column][et_pb_column type=\u00bb1_4&#8243;][et_pb_blurb _builder_version=\u00bb3.12&#8243; use_icon=\u00bbon\u00bb font_icon=\u00bb%%163%%\u00bb text_orientation=\u00bbcenter\u00bb icon_color=\u00bb#0c71c3&#8243; \/][\/et_pb_column][\/et_pb_row][\/et_pb_section]<\/p>\n","protected":false},"excerpt":{"rendered":"<p>Es una empresa orientada desde sus or\u00edgenes a ofrecer asesor\u00eda y calidad de trabajo en el sector de las instalaciones\u00a0 el\u00e9ctricas,cableado estructurado, mantenimiento y las telecomunicaciones. <div class=\"et_pb_row et_pb_row_0 et_pb_row_empty\">\n\t\t\t\t\n\t\t\t\t\n\t\t\t\t\n\t\t\t\t\n\t\t\t\t\n\t\t\t<\/div> Dise\u00f1o, montaje e instalaci\u00f3n de redes el\u00e9ctricas alta, media y baja tensi\u00f3n. Dise\u00f1os el\u00e9ctricos industriales, comerciales y residenciales. Instalaci\u00f3n y mantenimiento ups. Montaje de transferencia el\u00e9ctrica. Dise\u00f1o y [&hellip;]<\/p>\n","protected":false},"author":1,"featured_media":0,"parent":0,"menu_order":0,"comment_status":"closed","ping_status":"closed","template":"","meta":{"_et_pb_use_builder":"on","_et_pb_old_content":"","_et_gb_content_width":"","footnotes":""},"class_list":["post-104","page","type-page","status-publish","hentry"],"_links":{"self":[{"href":"https:\/\/amesas.com.co\/inicio\/wp-json\/wp\/v2\/pages\/104","targetHints":{"allow":["GET"]}}],"collection":[{"href":"https:\/\/amesas.com.co\/inicio\/wp-json\/wp\/v2\/pages"}],"about":[{"href":"https:\/\/amesas.com.co\/inicio\/wp-json\/wp\/v2\/types\/page"}],"author":[{"embeddable":true,"href":"https:\/\/amesas.com.co\/inicio\/wp-json\/wp\/v2\/users\/1"}],"replies":[{"embeddable":true,"href":"https:\/\/amesas.com.co\/inicio\/wp-json\/wp\/v2\/comments?post=104"}],"version-history":[{"count":18,"href":"https:\/\/amesas.com.co\/inicio\/wp-json\/wp\/v2\/pages\/104\/revisions"}],"predecessor-version":[{"id":169,"href":"https:\/\/amesas.com.co\/inicio\/wp-json\/wp\/v2\/pages\/104\/revisions\/169"}],"wp:attachment":[{"href":"https:\/\/amesas.com.co\/inicio\/wp-json\/wp\/v2\/media?parent=104"}],"curies":[{"name":"wp","href":"https:\/\/api.w.org\/{rel}","templated":true}]}}