{"id":236,"date":"2018-08-17T18:22:36","date_gmt":"2018-08-17T18:22:36","guid":{"rendered":"http:\/\/amesas.com.co\/inicio\/?page_id=236"},"modified":"2018-10-25T15:09:14","modified_gmt":"2018-10-25T15:09:14","slug":"iluminacion","status":"publish","type":"page","link":"https:\/\/amesas.com.co\/inicio\/iluminacion\/","title":{"rendered":"Iluminaci\u00f3n"},"content":{"rendered":"<p>[et_pb_section bb_built=\u00bb1&#8243; specialty=\u00bboff\u00bb _builder_version=\u00bb3.12&#8243; background_image=\u00bbhttp:\/\/amesas.com.co\/inicio\/wp-content\/uploads\/2018\/08\/banner-montajes-electricos-1.jpg\u00bb next_background_color=\u00bb#ffffff\u00bb][et_pb_row][et_pb_column type=\u00bb4_4&#8243;][et_pb_text _builder_version=\u00bb3.12&#8243; background_layout=\u00bbdark\u00bb]<\/p>\n<h2 class=\"et_pb_slide_title\" style=\"text-align: center;\">ILUMINACI\u00d3N<\/h2>\n<p style=\"text-align: center;\">Galer\u00eda de Im\u00e1genes<\/p>\n<p>[\/et_pb_text][\/et_pb_column][\/et_pb_row][\/et_pb_section][et_pb_section bb_built=\u00bb1&#8243; prev_background_color=\u00bb#000000&#8243;][et_pb_row][et_pb_column type=\u00bb4_4&#8243;][et_pb_gallery _builder_version=\u00bb3.12&#8243; posts_number=\u00bb60&#8243; zoom_icon_color=\u00bb#0024a8&#8243; hover_overlay_color=\u00bbrgba(255,255,255,0.9)\u00bb gallery_ids=\u00bb252,253,254,255,256,257,258,259,260,261,262,263,264,265,266,267,268,269,270,271,272,273,274,275,276,277,278,279,280,281,282,402,403,404,405,406,407,408,409,410,411,412,413,414,415,416,417,418,419,420,625,626&#8243; \/][\/et_pb_column][\/et_pb_row][\/et_pb_section]<\/p>\n","protected":false},"excerpt":{"rendered":"<p><div class=\"et_pb_row et_pb_row_0 et_pb_row_empty\">\n\t\t\t\t\n\t\t\t\t\n\t\t\t\t\n\t\t\t\t\n\t\t\t\t\n\t\t\t<\/div> ILUMINACI\u00d3N Galer\u00eda de Im\u00e1genes <div class=\"et_pb_row et_pb_row_1 et_pb_row_empty\">\n\t\t\t\t\n\t\t\t\t\n\t\t\t\t\n\t\t\t\t\n\t\t\t\t\n\t\t\t<\/div><\/p>\n","protected":false},"author":1,"featured_media":0,"parent":0,"menu_order":0,"comment_status":"closed","ping_status":"closed","template":"","meta":{"_et_pb_use_builder":"on","_et_pb_old_content":"","_et_gb_content_width":"","footnotes":""},"class_list":["post-236","page","type-page","status-publish","hentry"],"_links":{"self":[{"href":"https:\/\/amesas.com.co\/inicio\/wp-json\/wp\/v2\/pages\/236","targetHints":{"allow":["GET"]}}],"collection":[{"href":"https:\/\/amesas.com.co\/inicio\/wp-json\/wp\/v2\/pages"}],"about":[{"href":"https:\/\/amesas.com.co\/inicio\/wp-json\/wp\/v2\/types\/page"}],"author":[{"embeddable":true,"href":"https:\/\/amesas.com.co\/inicio\/wp-json\/wp\/v2\/users\/1"}],"replies":[{"embeddable":true,"href":"https:\/\/amesas.com.co\/inicio\/wp-json\/wp\/v2\/comments?post=236"}],"version-history":[{"count":8,"href":"https:\/\/amesas.com.co\/inicio\/wp-json\/wp\/v2\/pages\/236\/revisions"}],"predecessor-version":[{"id":627,"href":"https:\/\/amesas.com.co\/inicio\/wp-json\/wp\/v2\/pages\/236\/revisions\/627"}],"wp:attachment":[{"href":"https:\/\/amesas.com.co\/inicio\/wp-json\/wp\/v2\/media?parent=236"}],"curies":[{"name":"wp","href":"https:\/\/api.w.org\/{rel}","templated":true}]}}