{"id":241,"date":"2018-08-17T18:23:57","date_gmt":"2018-08-17T18:23:57","guid":{"rendered":"http:\/\/amesas.com.co\/inicio\/?page_id=241"},"modified":"2018-10-25T15:03:17","modified_gmt":"2018-10-25T15:03:17","slug":"tableros-electricos","status":"publish","type":"page","link":"https:\/\/amesas.com.co\/inicio\/tableros-electricos\/","title":{"rendered":"Tableros El\u00e9ctricos"},"content":{"rendered":"<p>[et_pb_section bb_built=\u00bb1&#8243; specialty=\u00bboff\u00bb _builder_version=\u00bb3.12&#8243; background_image=\u00bbhttp:\/\/amesas.com.co\/inicio\/wp-content\/uploads\/2018\/08\/banner-montajes-electricos-1.jpg\u00bb next_background_color=\u00bb#ffffff\u00bb][et_pb_row][et_pb_column type=\u00bb4_4&#8243;][et_pb_text _builder_version=\u00bb3.12&#8243; background_layout=\u00bbdark\u00bb]<\/p>\n<h2 class=\"et_pb_slide_title\" style=\"text-align: center;\">TABLEROS EL\u00c9CTRICOS<\/h2>\n<p style=\"text-align: center;\">Galer\u00eda de Im\u00e1genes<\/p>\n<p>[\/et_pb_text][\/et_pb_column][\/et_pb_row][\/et_pb_section][et_pb_section bb_built=\u00bb1&#8243; prev_background_color=\u00bb#000000&#8243;][et_pb_row][et_pb_column type=\u00bb4_4&#8243;][et_pb_gallery _builder_version=\u00bb3.12&#8243; posts_number=\u00bb60&#8243; zoom_icon_color=\u00bb#0024a8&#8243; hover_overlay_color=\u00bbrgba(255,255,255,0.9)\u00bb gallery_ids=\u00bb305,306,307,308,309,310,311,312,313,314,315,316,317,318,319,320,321,322,323,324,325,326,327,328,329,330,331,332,333,334,335,336,337,338,339,340,\u00bb \/][\/et_pb_column][\/et_pb_row][\/et_pb_section]<\/p>\n","protected":false},"excerpt":{"rendered":"<p><div class=\"et_pb_row et_pb_row_0 et_pb_row_empty\">\n\t\t\t\t\n\t\t\t\t\n\t\t\t\t\n\t\t\t\t\n\t\t\t\t\n\t\t\t<\/div> TABLEROS EL\u00c9CTRICOS Galer\u00eda de Im\u00e1genes <div class=\"et_pb_row et_pb_row_1 et_pb_row_empty\">\n\t\t\t\t\n\t\t\t\t\n\t\t\t\t\n\t\t\t\t\n\t\t\t\t\n\t\t\t<\/div><\/p>\n","protected":false},"author":1,"featured_media":0,"parent":0,"menu_order":0,"comment_status":"closed","ping_status":"closed","template":"","meta":{"_et_pb_use_builder":"on","_et_pb_old_content":"","_et_gb_content_width":"","footnotes":""},"class_list":["post-241","page","type-page","status-publish","hentry"],"_links":{"self":[{"href":"https:\/\/amesas.com.co\/inicio\/wp-json\/wp\/v2\/pages\/241","targetHints":{"allow":["GET"]}}],"collection":[{"href":"https:\/\/amesas.com.co\/inicio\/wp-json\/wp\/v2\/pages"}],"about":[{"href":"https:\/\/amesas.com.co\/inicio\/wp-json\/wp\/v2\/types\/page"}],"author":[{"embeddable":true,"href":"https:\/\/amesas.com.co\/inicio\/wp-json\/wp\/v2\/users\/1"}],"replies":[{"embeddable":true,"href":"https:\/\/amesas.com.co\/inicio\/wp-json\/wp\/v2\/comments?post=241"}],"version-history":[{"count":4,"href":"https:\/\/amesas.com.co\/inicio\/wp-json\/wp\/v2\/pages\/241\/revisions"}],"predecessor-version":[{"id":622,"href":"https:\/\/amesas.com.co\/inicio\/wp-json\/wp\/v2\/pages\/241\/revisions\/622"}],"wp:attachment":[{"href":"https:\/\/amesas.com.co\/inicio\/wp-json\/wp\/v2\/media?parent=241"}],"curies":[{"name":"wp","href":"https:\/\/api.w.org\/{rel}","templated":true}]}}