{"id":8,"date":"2018-08-15T20:59:42","date_gmt":"2018-08-15T20:59:42","guid":{"rendered":"http:\/\/amesas.com.co\/inicio\/?page_id=8"},"modified":"2019-01-29T14:55:17","modified_gmt":"2019-01-29T14:55:17","slug":"inicio","status":"publish","type":"page","link":"https:\/\/amesas.com.co\/inicio\/","title":{"rendered":"Inicio"},"content":{"rendered":"<p>[et_pb_section bb_built=\u00bb1&#8243; fullwidth=\u00bbon\u00bb specialty=\u00bboff\u00bb next_background_color=\u00bb#000000&#8243;][et_pb_fullwidth_slider _builder_version=\u00bb3.12&#8243;][et_pb_slide _builder_version=\u00bb3.12&#8243; button_link=\u00bb#\u00bb background_color=\u00bb#ffffff\u00bb use_background_color_gradient=\u00bboff\u00bb background_color_gradient_start=\u00bb#2b87da\u00bb background_color_gradient_end=\u00bb#29c4a9&#8243; background_color_gradient_type=\u00bblinear\u00bb background_color_gradient_direction=\u00bb180deg\u00bb background_color_gradient_direction_radial=\u00bbcenter\u00bb background_color_gradient_start_position=\u00bb0%\u00bb background_color_gradient_end_position=\u00bb100%\u00bb background_color_gradient_overlays_image=\u00bboff\u00bb parallax=\u00bboff\u00bb parallax_method=\u00bbon\u00bb background_size=\u00bbcover\u00bb background_position=\u00bbcenter\u00bb background_repeat=\u00bbno-repeat\u00bb background_blend=\u00bbnormal\u00bb allow_player_pause=\u00bboff\u00bb background_video_pause_outside_viewport=\u00bbon\u00bb use_bg_overlay=\u00bboff\u00bb use_text_overlay=\u00bboff\u00bb text_border_radius=\u00bb3&#8243; alignment=\u00bbcenter\u00bb child_filter_hue_rotate=\u00bb0deg\u00bb child_filter_saturate=\u00bb100%\u00bb child_filter_brightness=\u00bb100%\u00bb child_filter_contrast=\u00bb100%\u00bb child_filter_invert=\u00bb0%\u00bb child_filter_sepia=\u00bb0%\u00bb child_filter_opacity=\u00bb100%\u00bb child_filter_blur=\u00bb0px\u00bb child_mix_blend_mode=\u00bbnormal\u00bb background_layout=\u00bbdark\u00bb text_shadow_style=\u00bbnone\u00bb header_text_shadow_style=\u00bbnone\u00bb body_text_shadow_style=\u00bbnone\u00bb custom_button=\u00bboff\u00bb button_bg_use_color_gradient=\u00bboff\u00bb button_bg_color_gradient_overlays_image=\u00bboff\u00bb button_use_icon=\u00bbon\u00bb button_on_hover=\u00bbon\u00bb button_text_shadow_style=\u00bbnone\u00bb box_shadow_style_button=\u00bbnone\u00bb background_image=\u00bbhttp:\/\/amesas.com.co\/inicio\/wp-content\/uploads\/2018\/08\/banner-1.jpg\u00bb text_shadow_horizontal_length=\u00bb0em\u00bb text_shadow_vertical_length=\u00bb0em\u00bb text_shadow_blur_strength=\u00bb0em\u00bb header_text_shadow_horizontal_length=\u00bb0em\u00bb header_text_shadow_vertical_length=\u00bb0em\u00bb header_text_shadow_blur_strength=\u00bb0em\u00bb body_text_shadow_horizontal_length=\u00bb0em\u00bb body_text_shadow_vertical_length=\u00bb0em\u00bb body_text_shadow_blur_strength=\u00bb0em\u00bb button_text_shadow_horizontal_length=\u00bb0em\u00bb button_text_shadow_vertical_length=\u00bb0em\u00bb button_text_shadow_blur_strength=\u00bb0em\u00bb heading=\u00bbAME S.A.S\u00bb header_level=\u00bbh1&#8243; header_font=\u00bbArial|800|||||||\u00bb header_font_size=\u00bb86&#8243; header_font_size_tablet=\u00bb58&#8243; body_font_size=\u00bb20&#8243; body_font_size_tablet=\u00bb20&#8243; body_font_size_phone=\u00bb20&#8243; header_font_size_last_edited=\u00bbon|phone\u00bb]<\/p>\n<p style=\"text-align: center;\">Asesor\u00edas y Montajes El\u00e9ctricos<\/p>\n<p>[\/et_pb_slide][\/et_pb_fullwidth_slider][\/et_pb_section][et_pb_section bb_built=\u00bb1&#8243; prev_background_color=\u00bb#000000&#8243; next_background_color=\u00bb#e2e2e2&#8243;][et_pb_row][et_pb_column type=\u00bb1_2&#8243;][et_pb_image _builder_version=\u00bb3.12&#8243; src=\u00bbhttp:\/\/amesas.com.co\/inicio\/wp-content\/uploads\/2018\/08\/ame-montajes-electricos.jpg\u00bb \/][\/et_pb_column][et_pb_column type=\u00bb1_2&#8243;][et_pb_text _builder_version=\u00bb3.12&#8243; text_orientation=\u00bbjustified\u00bb]<\/p>\n<p><strong style=\"font-size: 30px;\">AME<\/strong>\u00a0 empresa orientada desde sus or\u00edgenes a ofrecer asesor\u00eda y calidad de trabajo en el sector de las instalaciones el\u00e9ctricas, cableado estructurado, mantenimiento y las telecomunicaciones.<\/p>\n<p>A.M.E. Ingenier\u00eda El\u00e9ctrica enfoca su actividad en el seguimiento de unos valores fundamentales entre los que resalta el mejoramiento continuo para dar al cliente el mejor servicio y la mejor soluci\u00f3n a sus necesidades en el \u00e1rea el\u00e9ctrica y de las telecomunicaciones.<\/p>\n<p>Es una empresa cuyo objetivo es satisfacer las necesidades del cliente. Para ello, se esfuerza en dar un buen servicio y una atenci\u00f3n personalizada, aportando soluciones competitivas y de calidad.<\/p>\n<p>[\/et_pb_text][et_pb_button _builder_version=\u00bb3.12&#8243; button_text=\u00bbSaber M\u00e1s&#8230;\u00bb button_url=\u00bbhttp:\/\/amesas.com.co\/inicio\/quienes-somos\/\u00bb \/][\/et_pb_column][\/et_pb_row][\/et_pb_section][et_pb_section bb_built=\u00bb1&#8243; specialty=\u00bboff\u00bb prev_background_color=\u00bb#ffffff\u00bb _builder_version=\u00bb3.12&#8243; background_color=\u00bb#e2e2e2&#8243; next_background_color=\u00bb#ffffff\u00bb][et_pb_row][et_pb_column type=\u00bb4_4&#8243;][et_pb_text _builder_version=\u00bb3.12&#8243; header_text_color=\u00bb#0c71c3&#8243;]<\/p>\n<h1 style=\"text-align: center;\">NUESTROS SERVICIOS<\/h1>\n<p>[\/et_pb_text][\/et_pb_column][\/et_pb_row][et_pb_row][et_pb_column type=\u00bb1_4&#8243;][et_pb_blurb _builder_version=\u00bb3.12&#8243; title=\u00bbDise\u00f1o, montaje e instalaci\u00f3n\u00bb use_icon=\u00bbon\u00bb font_icon=\u00bb%%175%%\u00bb text_orientation=\u00bbcenter\u00bb icon_color=\u00bb#0c71c3&#8243;]<\/p>\n<p>Redes el\u00e9ctricas alta, media y baja tensi\u00f3n<\/p>\n<p>[\/et_pb_blurb][\/et_pb_column][et_pb_column type=\u00bb1_4&#8243;][et_pb_blurb _builder_version=\u00bb3.12&#8243; title=\u00bbDise\u00f1o, Montaje\u00bb use_icon=\u00bbon\u00bb font_icon=\u00bb%%96%%\u00bb text_orientation=\u00bbcenter\u00bb icon_color=\u00bb#0c71c3&#8243;]<\/p>\n<p>Estaciones el\u00e9ctricas, transformadores monof\u00e1sicos y trif\u00e1sicos<\/p>\n<p>[\/et_pb_blurb][\/et_pb_column][et_pb_column type=\u00bb1_4&#8243;][et_pb_blurb _builder_version=\u00bb3.12&#8243; title=\u00bbAcometidas\u00bb use_icon=\u00bbon\u00bb font_icon=\u00bb%%103%%\u00bb text_orientation=\u00bbcenter\u00bb icon_color=\u00bb#0c71c3&#8243;]<\/p>\n<p>El\u00e9ctricas industriales, comerciales y residenciales<\/p>\n<p>[\/et_pb_blurb][\/et_pb_column][et_pb_column type=\u00bb1_4&#8243;][et_pb_blurb _builder_version=\u00bb3.12&#8243; title=\u00bbMedici\u00f3n y an\u00e1lisis\u00bb use_icon=\u00bbon\u00bb font_icon=\u00bb%%163%%\u00bb text_orientation=\u00bbcenter\u00bb icon_color=\u00bb#0c71c3&#8243;]<\/p>\n<p>Tensi\u00f3n, corriente, frecuencia, potencia reactiva y activa, factor de potencia ente otros<\/p>\n<p>[\/et_pb_blurb][\/et_pb_column][\/et_pb_row][et_pb_row][et_pb_column type=\u00bb4_4&#8243;][et_pb_button _builder_version=\u00bb3.12&#8243; button_text=\u00bbVER TODOS LOS SERVICIOS\u00bb button_url=\u00bbhttp:\/\/amesas.com.co\/inicio\/servicios\/\u00bb button_alignment=\u00bbcenter\u00bb background_layout=\u00bbdark\u00bb custom_button=\u00bbon\u00bb button_text_color=\u00bb#ffffff\u00bb button_bg_color=\u00bb#0c71c3&#8243; \/][\/et_pb_column][\/et_pb_row][\/et_pb_section][et_pb_section bb_built=\u00bb1&#8243; specialty=\u00bboff\u00bb prev_background_color=\u00bb#e2e2e2&#8243; next_background_color=\u00bb#ffffff\u00bb _builder_version=\u00bb3.12&#8243; background_image=\u00bbhttp:\/\/amesas.com.co\/inicio\/wp-content\/uploads\/2018\/08\/banner-montajes-electricos-1.jpg\u00bb parallax=\u00bbon\u00bb][et_pb_row][et_pb_column type=\u00bb1_4&#8243;][et_pb_blurb _builder_version=\u00bb3.12&#8243; title=\u00bbALTA POTENCIA\u00bb image=\u00bbhttp:\/\/amesas.com.co\/inicio\/wp-content\/uploads\/2018\/08\/alta-potencia.jpg\u00bb background_color=\u00bb#ffffff\u00bb text_orientation=\u00bbcenter\u00bb url=\u00bbhttp:\/\/amesas.com.co\/inicio\/alta-potencia\/\u00bb header_level=\u00bbh6&#8243; \/][et_pb_blurb _builder_version=\u00bb3.12&#8243; title=\u00bbTABLEROS EL\u00c9CTRICOS\u00bb image=\u00bbhttp:\/\/amesas.com.co\/inicio\/wp-content\/uploads\/2018\/08\/tableros-electricos.jpg\u00bb background_color=\u00bb#ffffff\u00bb text_orientation=\u00bbcenter\u00bb url=\u00bbhttp:\/\/amesas.com.co\/inicio\/tableros-electricos\/\u00bb header_level=\u00bbh6&#8243; \/][\/et_pb_column][et_pb_column type=\u00bb1_4&#8243;][et_pb_blurb _builder_version=\u00bb3.12&#8243; title=\u00bbCABLEADO ESTRUCTURADO\u00bb image=\u00bbhttp:\/\/amesas.com.co\/inicio\/wp-content\/uploads\/2018\/08\/cableado-estructurado.jpg\u00bb background_color=\u00bb#ffffff\u00bb text_orientation=\u00bbcenter\u00bb url=\u00bbhttp:\/\/amesas.com.co\/inicio\/cableado-estructurado\/\u00bb header_level=\u00bbh6&#8243; \/][et_pb_blurb _builder_version=\u00bb3.12&#8243; title=\u00bbTELECOMUNICACIONES\u00bb image=\u00bbhttp:\/\/amesas.com.co\/inicio\/wp-content\/uploads\/2018\/08\/telecomunicaciones.jpg\u00bb background_color=\u00bb#ffffff\u00bb text_orientation=\u00bbcenter\u00bb url=\u00bbhttp:\/\/amesas.com.co\/inicio\/telecomunicaciones\/\u00bb header_level=\u00bbh6&#8243; \/][\/et_pb_column][et_pb_column type=\u00bb1_4&#8243;][et_pb_blurb _builder_version=\u00bb3.12&#8243; title=\u00bbILUMINACI\u00d3N\u00bb image=\u00bbhttp:\/\/amesas.com.co\/inicio\/wp-content\/uploads\/2018\/08\/iluminacion.jpg\u00bb background_color=\u00bb#ffffff\u00bb text_orientation=\u00bbcenter\u00bb url=\u00bbhttp:\/\/amesas.com.co\/inicio\/iluminacion\/\u00bb header_level=\u00bbh6&#8243; \/][et_pb_blurb _builder_version=\u00bb3.12&#8243; title=\u00bbVER GALER\u00cdA COMPLETA\u00bb text_orientation=\u00bbcenter\u00bb url=\u00bbhttp:\/\/amesas.com.co\/inicio\/galeria\/\u00bb header_level=\u00bbh6&#8243; use_icon=\u00bbon\u00bb font_icon=\u00bb%%108%%\u00bb icon_color=\u00bb#ffffff\u00bb use_circle=\u00bbon\u00bb circle_color=\u00bb#0c71c3&#8243; background_layout=\u00bbdark\u00bb \/][\/et_pb_column][et_pb_column type=\u00bb1_4&#8243;][et_pb_blurb _builder_version=\u00bb3.12&#8243; title=\u00bbPUESTAS A TIERRA\u00bb image=\u00bbhttp:\/\/amesas.com.co\/inicio\/wp-content\/uploads\/2018\/08\/puestas-a-tierra-2.jpg\u00bb background_color=\u00bb#ffffff\u00bb text_orientation=\u00bbcenter\u00bb url=\u00bbhttp:\/\/amesas.com.co\/inicio\/puestas-a-tierra\/\u00bb header_level=\u00bbh6&#8243; \/][\/et_pb_column][\/et_pb_row][\/et_pb_section][et_pb_section bb_built=\u00bb1&#8243; fullwidth=\u00bboff\u00bb specialty=\u00bboff\u00bb prev_background_color=\u00bb#000000&#8243;][et_pb_row][et_pb_column type=\u00bb1_4&#8243;][et_pb_image _builder_version=\u00bb3.12&#8243; src=\u00bbhttps:\/\/amesas.com.co\/inicio\/wp-content\/uploads\/2018\/08\/petromil.jpg\u00bb \/][\/et_pb_column][et_pb_column type=\u00bb1_4&#8243;][et_pb_image _builder_version=\u00bb3.12&#8243; src=\u00bbhttps:\/\/amesas.com.co\/inicio\/wp-content\/uploads\/2018\/08\/opes-estacion-servicio.jpg\u00bb \/][\/et_pb_column][et_pb_column type=\u00bb1_4&#8243;][et_pb_image _builder_version=\u00bb3.12&#8243; src=\u00bbhttps:\/\/amesas.com.co\/inicio\/wp-content\/uploads\/2019\/01\/high-lights.jpg\u00bb \/][\/et_pb_column][et_pb_column type=\u00bb1_4&#8243;][et_pb_image _builder_version=\u00bb3.12&#8243; src=\u00bbhttp:\/\/amesas.com.co\/inicio\/wp-content\/uploads\/2018\/08\/pichincha.jpg\u00bb \/][\/et_pb_column][\/et_pb_row][et_pb_row][et_pb_column type=\u00bb4_4&#8243;][et_pb_button _builder_version=\u00bb3.12&#8243; button_text=\u00bbVER MAS CLIENTES\u00bb button_url=\u00bbhttp:\/\/amesas.com.co\/inicio\/nuestros-clientes\/\u00bb button_alignment=\u00bbcenter\u00bb custom_button=\u00bbon\u00bb button_border_color=\u00bb#0c71c3&#8243; \/][\/et_pb_column][\/et_pb_row][\/et_pb_section]<\/p>\n","protected":false},"excerpt":{"rendered":"<p>Asesor\u00edas y Montajes El\u00e9ctricos <div class=\"et_pb_row et_pb_row_0 et_pb_row_empty\">\n\t\t\t\t\n\t\t\t\t\n\t\t\t\t\n\t\t\t\t\n\t\t\t\t\n\t\t\t<\/div> AME\u00a0 empresa orientada desde sus or\u00edgenes a ofrecer asesor\u00eda y calidad de trabajo en el sector de las instalaciones el\u00e9ctricas, cableado estructurado, mantenimiento y las telecomunicaciones. A.M.E. Ingenier\u00eda El\u00e9ctrica enfoca su actividad en el seguimiento de unos valores fundamentales entre los que resalta el mejoramiento continuo para dar al cliente [&hellip;]<\/p>\n","protected":false},"author":1,"featured_media":0,"parent":0,"menu_order":0,"comment_status":"closed","ping_status":"closed","template":"","meta":{"_et_pb_use_builder":"on","_et_pb_old_content":"","_et_gb_content_width":"","footnotes":""},"class_list":["post-8","page","type-page","status-publish","hentry"],"_links":{"self":[{"href":"https:\/\/amesas.com.co\/inicio\/wp-json\/wp\/v2\/pages\/8","targetHints":{"allow":["GET"]}}],"collection":[{"href":"https:\/\/amesas.com.co\/inicio\/wp-json\/wp\/v2\/pages"}],"about":[{"href":"https:\/\/amesas.com.co\/inicio\/wp-json\/wp\/v2\/types\/page"}],"author":[{"embeddable":true,"href":"https:\/\/amesas.com.co\/inicio\/wp-json\/wp\/v2\/users\/1"}],"replies":[{"embeddable":true,"href":"https:\/\/amesas.com.co\/inicio\/wp-json\/wp\/v2\/comments?post=8"}],"version-history":[{"count":65,"href":"https:\/\/amesas.com.co\/inicio\/wp-json\/wp\/v2\/pages\/8\/revisions"}],"predecessor-version":[{"id":639,"href":"https:\/\/amesas.com.co\/inicio\/wp-json\/wp\/v2\/pages\/8\/revisions\/639"}],"wp:attachment":[{"href":"https:\/\/amesas.com.co\/inicio\/wp-json\/wp\/v2\/media?parent=8"}],"curies":[{"name":"wp","href":"https:\/\/api.w.org\/{rel}","templated":true}]}}